{"id":2067,"date":"2023-05-09T12:48:52","date_gmt":"2023-05-09T12:48:52","guid":{"rendered":"https:\/\/hasa.fi\/sahatavara\/"},"modified":"2025-02-18T13:55:57","modified_gmt":"2025-02-18T13:55:57","slug":"sawn-timber","status":"publish","type":"page","link":"https:\/\/hasa.fi\/en\/sawn-timber\/","title":{"rendered":"SAWN TIMBER"},"content":{"rendered":"<p>[et_pb_section fb_built=&#8221;1&#8243; _builder_version=&#8221;4.21.0&#8243; _module_preset=&#8221;default&#8221; background_image=&#8221;https:\/\/hasa.fi\/wp-content\/uploads\/2023\/04\/Tausta-haalea.png&#8221; custom_padding=&#8221;||8px|||&#8221; global_colors_info=&#8221;{}&#8221;][et_pb_row column_structure=&#8221;1_2,1_2&#8243; make_equal=&#8221;on&#8221; _builder_version=&#8221;4.21.0&#8243; _module_preset=&#8221;default&#8221; global_colors_info=&#8221;{}&#8221;][et_pb_column type=&#8221;1_2&#8243; _builder_version=&#8221;4.21.0&#8243; _module_preset=&#8221;default&#8221; custom_css_main_element=&#8221;display: flex;||flex-direction: column;||justify-content: center;&#8221; global_colors_info=&#8221;{}&#8221;][et_pb_text _builder_version=&#8221;4.23.4&#8243; _module_preset=&#8221;c54bef2c-9030-46bd-a539-943afe88a881&#8243; header_2_font=&#8221;Montserrat|800||on|||||&#8221; header_2_text_color=&#8221;#384f63&#8243; header_2_font_size=&#8221;38px&#8221; header_3_font=&#8221;|700|||||||&#8221; header_3_font_size=&#8221;14px&#8221; custom_margin=&#8221;||14px|||&#8221; header_2_font_size_tablet=&#8221;32px&#8221; header_2_font_size_phone=&#8221;26px&#8221; header_2_font_size_last_edited=&#8221;on|tablet&#8221; global_colors_info=&#8221;{}&#8221;]<\/p>\n<h2>Reliable supplier of sawn timber<\/h2>\n<p>[\/et_pb_text][et_pb_text _builder_version=&#8221;4.23.4&#8243; _module_preset=&#8221;default&#8221; header_2_font=&#8221;|800||on|||||&#8221; header_3_font=&#8221;|700|||||||&#8221; header_3_font_size=&#8221;14px&#8221; custom_margin=&#8221;||22px|||&#8221; global_colors_info=&#8221;{}&#8221;]<\/p>\n<p style=\"font-weight: 400;\">HASA produces high-quality pine (Pinus sylvestris) and spruce (Picea abies) timber for a wide range of applications.<\/p>\n<p style=\"font-weight: 400;\">Our carefully planned production and delivery process ensures that the customer receives their ordered goods at the right time. Thanks to our skilled staff and flexible production process, we can also meet the needs of smaller customers.<\/p>\n<p style=\"font-weight: 400;\">At HASA, we value our customers and want to set up long-term cooperations. <\/p>\n<p>[\/et_pb_text][et_pb_button button_url=&#8221;https:\/\/hasa.fi\/en\/contact-information\/&#8221; button_text=&#8221;Sales&#8221; _builder_version=&#8221;4.23.4&#8243; _module_preset=&#8221;57ce604b-4729-4479-bf1b-7e120196a993&#8243; button_text_size=&#8221;11px&#8221; button_font=&#8221;|||on|||||&#8221; custom_padding=&#8221;|30px||30px|false|false&#8221; global_colors_info=&#8221;{}&#8221;][\/et_pb_button][\/et_pb_column][et_pb_column type=&#8221;1_2&#8243; _builder_version=&#8221;4.21.0&#8243; _module_preset=&#8221;default&#8221; global_colors_info=&#8221;{}&#8221;][et_pb_image src=&#8221;https:\/\/hasa.fi\/wp-content\/uploads\/2023\/06\/Hasa_tuotano_henkilot_166_1280x1280.jpg&#8221; title_text=&#8221;Hasa production people&#8221; align=&#8221;center&#8221; _builder_version=&#8221;4.21.0&#8243; _module_preset=&#8221;default&#8221; max_width=&#8221;100%&#8221; max_height=&#8221;400px&#8221; border_radii=&#8221;on|600px|600px|600px|600px&#8221; global_colors_info=&#8221;{}&#8221;][\/et_pb_image][\/et_pb_column][\/et_pb_row][\/et_pb_section][et_pb_section fb_built=&#8221;1&#8243; module_id=&#8221;products&#8221; _builder_version=&#8221;4.23&#8243; _module_preset=&#8221;default&#8221; custom_padding=&#8221;||16px|||&#8221; global_colors_info=&#8221;{}&#8221;][et_pb_row column_structure=&#8221;1_3,1_3,1_3&#8243; _builder_version=&#8221;4.21.0&#8243; _module_preset=&#8221;default&#8221; global_colors_info=&#8221;{}&#8221;][et_pb_column type=&#8221;1_3&#8243; _builder_version=&#8221;4.21.0&#8243; _module_preset=&#8221;default&#8221; global_colors_info=&#8221;{}&#8221;][et_pb_image src=&#8221;https:\/\/hasa.fi\/wp-content\/uploads\/2023\/07\/HASA_teollisuus_shutter_773_1280x1280.jpg&#8221; title_text=&#8221;HASA industry&#8221; _builder_version=&#8221;4.21.0&#8243; _module_preset=&#8221;3c6099a9-8bb8-4235-a19d-23c91e0a2cdc&#8221; border_radii=&#8221;on|600px|600px|600px|600px&#8221; global_colors_info=&#8221;{}&#8221;][\/et_pb_image][et_pb_text _builder_version=&#8221;4.23.4&#8243; _module_preset=&#8221;da9d2757-4225-42ac-bdb6-ffb9fce753c1&#8243; header_2_line_height=&#8221;1.2em&#8221; header_2_font_size_phone=&#8221;16px&#8221; global_colors_info=&#8221;{}&#8221;]<\/p>\n<h2>FOR BUILDING AND JOINERY<\/h2>\n<p style=\"font-weight: 400;\">We supply timber for the log house construction and joinery industries. HASA&#8217;s products are suitable as <span> <\/span>raw material for interior and exterior cladding panels and thermally modified wood.<\/p>\n<p>[\/et_pb_text][\/et_pb_column][et_pb_column type=&#8221;1_3&#8243; _builder_version=&#8221;4.21.0&#8243; _module_preset=&#8221;default&#8221; global_colors_info=&#8221;{}&#8221;][et_pb_image src=&#8221;https:\/\/hasa.fi\/wp-content\/uploads\/2023\/07\/HASA_vaativat_rakenteet_shutter_314_1280x1280.jpg&#8221; title_text=&#8221;HaSa demanding structures&#8221; _builder_version=&#8221;4.21.0&#8243; _module_preset=&#8221;3c6099a9-8bb8-4235-a19d-23c91e0a2cdc&#8221; border_radii=&#8221;on|600px|600px|600px|600px&#8221; global_colors_info=&#8221;{}&#8221;][\/et_pb_image][et_pb_text _builder_version=&#8221;4.21.0&#8243; _module_preset=&#8221;da9d2757-4225-42ac-bdb6-ffb9fce753c1&#8243; header_2_font_size_phone=&#8221;16px&#8221; global_colors_info=&#8221;{}&#8221;]<\/p>\n<h2>FOR DEMANDING STRUCTURES<\/h2>\n<p style=\"font-weight: 400;\">HASA wood has excellent strength properties.<span>  <\/span>It is an excellent material for producing glulam beams, for example.<\/p>\n<p>[\/et_pb_text][\/et_pb_column][et_pb_column type=&#8221;1_3&#8243; _builder_version=&#8221;4.21.0&#8243; _module_preset=&#8221;default&#8221; global_colors_info=&#8221;{}&#8221;][et_pb_image src=&#8221;https:\/\/hasa.fi\/wp-content\/uploads\/2023\/07\/HASA_Infra.jpg&#8221; title_text=&#8221;HASA_Infra&#8221; _builder_version=&#8221;4.21.0&#8243; _module_preset=&#8221;3c6099a9-8bb8-4235-a19d-23c91e0a2cdc&#8221; border_radii=&#8221;on|600px|600px|600px|600px&#8221; global_colors_info=&#8221;{}&#8221;][\/et_pb_image][et_pb_text _builder_version=&#8221;4.21.0&#8243; _module_preset=&#8221;da9d2757-4225-42ac-bdb6-ffb9fce753c1&#8243; header_2_font_size_phone=&#8221;16px&#8221; global_colors_info=&#8221;{}&#8221;]<\/p>\n<h2>For civil engineering, bridge construction and the packaging industry<\/h2>\n<p style=\"font-weight: 400;\">HASA is one of Finland&#8217;s largest suppliers of goods for infrastructure projects. A significant portion of our products is also used for producing wooden packaging and pallets.<\/p>\n<p>[\/et_pb_text][\/et_pb_column][\/et_pb_row][\/et_pb_section][et_pb_section fb_built=&#8221;1&#8243; disabled_on=&#8221;off|off|off&#8221; _builder_version=&#8221;4.21.0&#8243; _module_preset=&#8221;default&#8221; custom_padding=&#8221;||22px|||&#8221; global_colors_info=&#8221;{}&#8221;][et_pb_row column_structure=&#8221;2_3,1_3&#8243; _builder_version=&#8221;4.21.0&#8243; _module_preset=&#8221;default&#8221; width=&#8221;100%&#8221; custom_padding=&#8221;0px|0px|0px|0px|false|false&#8221; global_colors_info=&#8221;{}&#8221;][et_pb_column type=&#8221;2_3&#8243; _builder_version=&#8221;4.21.0&#8243; _module_preset=&#8221;default&#8221; custom_css_main_element=&#8221;display: flex;||flex-direction: column;||justify-content: center;&#8221; global_colors_info=&#8221;{}&#8221;][et_pb_image src=&#8221;https:\/\/hasa.fi\/wp-content\/uploads\/2023\/07\/Hasa_sahatavara_pino_194_1920x1280.jpg&#8221; title_text=&#8221;Hasa lumber stack&#8221; _builder_version=&#8221;4.21.0&#8243; _module_preset=&#8221;default&#8221; custom_margin=&#8221;0px|-101px|0px|0px|false|false&#8221; custom_padding=&#8221;0px|0px|0px|0px|false|false&#8221; global_colors_info=&#8221;{}&#8221;][\/et_pb_image][\/et_pb_column][et_pb_column type=&#8221;1_3&#8243; _builder_version=&#8221;4.21.0&#8243; _module_preset=&#8221;default&#8221; custom_css_main_element=&#8221;display: flex;||flex-direction: column;||justify-content: center;&#8221; global_colors_info=&#8221;{}&#8221;][et_pb_image src=&#8221;https:\/\/hasa.fi\/wp-content\/uploads\/2023\/07\/Hasa_sahatavara_laudan_paa_236_1920x1280.jpg&#8221; title_text=&#8221;Hasa lumber end of the board&#8221; _builder_version=&#8221;4.21.0&#8243; _module_preset=&#8221;default&#8221; width=&#8221;100%&#8221; custom_margin=&#8221;0px|0px|0px|0px|false|false&#8221; custom_padding=&#8221;0px|0px|0px|0px|false|false&#8221; global_colors_info=&#8221;{}&#8221;][\/et_pb_image][et_pb_image src=&#8221;https:\/\/hasa.fi\/wp-content\/uploads\/2023\/06\/Hasa_sahatavara_miehet_pino_259_1280x1280.jpg&#8221; title_text=&#8221;Hasa lumber men stack&#8221; _builder_version=&#8221;4.21.0&#8243; _module_preset=&#8221;default&#8221; min_height=&#8221;248px&#8221; custom_margin=&#8221;0px|0px|0px|0px|false|false&#8221; custom_padding=&#8221;0px|0px|0px|0px|false|false&#8221; global_colors_info=&#8221;{}&#8221;][\/et_pb_image][\/et_pb_column][\/et_pb_row][\/et_pb_section][et_pb_section fb_built=&#8221;1&#8243; specialty=&#8221;on&#8221; custom_padding_last_edited=&#8221;on|phone&#8221; padding_top_bottom_link_1=&#8221;false&#8221; padding_left_right_link_1=&#8221;false&#8221; padding_1_tablet=&#8221;&#8221; padding_2_tablet=&#8221;&#8221; padding_1_phone=&#8221;|0px||0px|false|false&#8221; padding_2_phone=&#8221;|0px||0px|false|true&#8221; padding_1_last_edited=&#8221;on|phone&#8221; padding_2_last_edited=&#8221;on|phone&#8221; _builder_version=&#8221;4.21.0&#8243; _module_preset=&#8221;default&#8221; width_tablet=&#8221;&#8221; width_phone=&#8221;100%&#8221; width_last_edited=&#8221;on|phone&#8221; max_width_tablet=&#8221;&#8221; max_width_phone=&#8221;100%&#8221; max_width_last_edited=&#8221;on|phone&#8221; inner_width_tablet=&#8221;&#8221; inner_width_phone=&#8221;&#8221; inner_width_last_edited=&#8221;on|phone&#8221; inner_max_width_tablet=&#8221;&#8221; inner_max_width_phone=&#8221;2500px&#8221; inner_max_width_last_edited=&#8221;on|phone&#8221; custom_margin_tablet=&#8221;&#8221; custom_margin_phone=&#8221;|0px||0px|false|true&#8221; custom_margin_last_edited=&#8221;on|phone&#8221; custom_padding_tablet=&#8221;&#8221; custom_padding_phone=&#8221;|0px||0px|false|true&#8221; module_alignment_tablet=&#8221;&#8221; module_alignment_phone=&#8221;center&#8221; module_alignment_last_edited=&#8221;on|phone&#8221; inner_module_alignment_tablet=&#8221;&#8221; inner_module_alignment_phone=&#8221;center&#8221; inner_module_alignment_last_edited=&#8221;on|phone&#8221; global_colors_info=&#8221;{}&#8221;][et_pb_column type=&#8221;1_2&#8243; _builder_version=&#8221;4.16&#8243; custom_padding=&#8221;|||&#8221; global_colors_info=&#8221;{}&#8221; custom_padding__hover=&#8221;|||&#8221;][\/et_pb_column][et_pb_column type=&#8221;1_2&#8243; specialty_columns=&#8221;2&#8243; _builder_version=&#8221;4.16&#8243; custom_padding=&#8221;|||&#8221; global_colors_info=&#8221;{}&#8221; custom_padding__hover=&#8221;|||&#8221;][et_pb_row_inner _builder_version=&#8221;4.21.0&#8243; _module_preset=&#8221;default&#8221; global_colors_info=&#8221;{}&#8221;][et_pb_column_inner saved_specialty_column_type=&#8221;1_2&#8243; _builder_version=&#8221;4.21.0&#8243; _module_preset=&#8221;default&#8221; global_colors_info=&#8221;{}&#8221;][et_pb_text _builder_version=&#8221;4.21.0&#8243; _module_preset=&#8221;default&#8221; text_font=&#8221;|700||on|||||&#8221; text_text_color=&#8221;#000000&#8243; custom_margin=&#8221;||5px|||&#8221; global_colors_info=&#8221;{}&#8221;]<\/p>\n<h3><strong>Registers and trademark rights<\/strong><\/h3>\n<p>[\/et_pb_text][\/et_pb_column_inner][\/et_pb_row_inner][et_pb_row_inner column_structure=&#8221;1_2,1_2&#8243; _builder_version=&#8221;4.21.0&#8243; _module_preset=&#8221;default&#8221; min_height=&#8221;52.8px&#8221; custom_margin=&#8221;||6px|||&#8221; custom_padding=&#8221;14px||3px|||&#8221; border_width_bottom=&#8221;1px&#8221; border_color_bottom=&#8221;#bababa&#8221; global_colors_info=&#8221;{}&#8221;][et_pb_column_inner type=&#8221;1_2&#8243; saved_specialty_column_type=&#8221;1_2&#8243; _builder_version=&#8221;4.21.0&#8243; _module_preset=&#8221;default&#8221; global_colors_info=&#8221;{}&#8221;][et_pb_text _builder_version=&#8221;4.21.0&#8243; _module_preset=&#8221;default&#8221; positioning=&#8221;absolute&#8221; width=&#8221;100%&#8221; width_tablet=&#8221;100%&#8221; width_phone=&#8221;100%&#8221; width_last_edited=&#8221;on|phone&#8221; custom_margin=&#8221;||||false|false&#8221; global_colors_info=&#8221;{}&#8221;]<\/p>\n<p>The Finnish phytosanitary and plant material register<\/p>\n<p>[\/et_pb_text][\/et_pb_column_inner][et_pb_column_inner type=&#8221;1_2&#8243; saved_specialty_column_type=&#8221;1_2&#8243; _builder_version=&#8221;4.21.0&#8243; _module_preset=&#8221;default&#8221; positioning=&#8221;absolute&#8221; position_origin_a=&#8221;bottom_right&#8221; position_origin_r=&#8221;bottom_right&#8221; global_colors_info=&#8221;{}&#8221;][et_pb_text _builder_version=&#8221;4.27.4&#8243; _module_preset=&#8221;default&#8221; link_text_color=&#8221;#000000&#8243; positioning=&#8221;absolute&#8221; position_origin_a=&#8221;bottom_right&#8221; position_origin_r=&#8221;top_right&#8221; text_orientation=&#8221;right&#8221; width=&#8221;100%&#8221; width_tablet=&#8221;100%&#8221; width_phone=&#8221;100%&#8221; width_last_edited=&#8221;on|phone&#8221; custom_margin=&#8221;||5px|||&#8221; hover_enabled=&#8221;0&#8243; global_colors_info=&#8221;{}&#8221; sticky_enabled=&#8221;0&#8243;]<a href=\"https:\/\/hasa.fi\/wp-content\/uploads\/2024\/12\/Rekisteriote_2024-073749-Haapajarven-hasa-oy.pdf\" target=\"_blank\" rel=\"noopener\">DOWNLOAD<\/a>[\/et_pb_text][\/et_pb_column_inner][\/et_pb_row_inner][\/et_pb_column][\/et_pb_section]<\/p>\n","protected":false},"excerpt":{"rendered":"<p>Reliable supplier of sawn timberHASA produces high-quality pine (Pinus sylvestris) and spruce (Picea abies) timber for a wide range of applications. Our carefully planned production and delivery process ensures that the customer receives their ordered goods at the right time. Thanks to our skilled staff and flexible production process, we can also meet the needs [&hellip;]<\/p>\n","protected":false},"author":1,"featured_media":2031,"parent":0,"menu_order":0,"comment_status":"closed","ping_status":"closed","template":"","meta":{"_acf_changed":false,"_et_pb_use_builder":"on","_et_pb_old_content":"","_et_gb_content_width":"","inline_featured_image":false,"footnotes":""},"class_list":["post-2067","page","type-page","status-publish","has-post-thumbnail","hentry"],"acf":[],"yoast_head":"<!-- This site is optimized with the Yoast SEO plugin v27.4 - https:\/\/yoast.com\/product\/yoast-seo-wordpress\/ -->\n<title>SAWN TIMBER - Haapaj\u00e4rven Ha-Sa Oy<\/title>\n<meta name=\"description\" content=\"We produce high-quality sawn timber for general industry, demanding structures, the packaging industry and for road and bridge construction needs.\" \/>\n<meta name=\"robots\" content=\"index, follow, max-snippet:-1, max-image-preview:large, max-video-preview:-1\" \/>\n<link rel=\"canonical\" href=\"https:\/\/hasa.fi\/en\/sawn-timber\/\" \/>\n<meta property=\"og:locale\" content=\"en_US\" \/>\n<meta property=\"og:type\" content=\"article\" \/>\n<meta property=\"og:title\" content=\"SAWN TIMBER - Haapaj\u00e4rven Ha-Sa Oy\" \/>\n<meta property=\"og:description\" content=\"We produce high-quality sawn timber for general industry, demanding structures, the packaging industry and for road and bridge construction needs.\" \/>\n<meta property=\"og:site_name\" content=\"Haapaj\u00e4rven Ha-Sa Oy\" \/>\n<meta property=\"article:modified_time\" content=\"2025-02-18T13:55:57+00:00\" \/>\n<meta property=\"og:image\" content=\"https:\/\/hasa.fi\/wp-content\/uploads\/2023\/06\/Hasa_tuotano_henkilot_166_1920x1280.jpg\" \/>\n\t<meta property=\"og:image:width\" content=\"1920\" \/>\n\t<meta property=\"og:image:height\" content=\"1280\" \/>\n\t<meta property=\"og:image:type\" content=\"image\/jpeg\" \/>\n<meta name=\"twitter:card\" content=\"summary_large_image\" \/>\n<meta name=\"twitter:label1\" content=\"Est. reading time\" \/>\n\t<meta name=\"twitter:data1\" content=\"3 minutes\" \/>\n<script type=\"application\/ld+json\" class=\"yoast-schema-graph\">{\"@context\":\"https:\\\/\\\/schema.org\",\"@graph\":[{\"@type\":\"WebPage\",\"@id\":\"https:\\\/\\\/hasa.fi\\\/en\\\/sawn-timber\\\/\",\"url\":\"https:\\\/\\\/hasa.fi\\\/en\\\/sawn-timber\\\/\",\"name\":\"SAWN TIMBER - Haapaj\u00e4rven Ha-Sa Oy\",\"isPartOf\":{\"@id\":\"https:\\\/\\\/hasa.fi\\\/en\\\/#website\"},\"primaryImageOfPage\":{\"@id\":\"https:\\\/\\\/hasa.fi\\\/en\\\/sawn-timber\\\/#primaryimage\"},\"image\":{\"@id\":\"https:\\\/\\\/hasa.fi\\\/en\\\/sawn-timber\\\/#primaryimage\"},\"thumbnailUrl\":\"https:\\\/\\\/hasa.fi\\\/wp-content\\\/uploads\\\/2023\\\/06\\\/Hasa_tuotano_henkilot_166_1920x1280.jpg\",\"datePublished\":\"2023-05-09T12:48:52+00:00\",\"dateModified\":\"2025-02-18T13:55:57+00:00\",\"description\":\"We produce high-quality sawn timber for general industry, demanding structures, the packaging industry and for road and bridge construction needs.\",\"breadcrumb\":{\"@id\":\"https:\\\/\\\/hasa.fi\\\/en\\\/sawn-timber\\\/#breadcrumb\"},\"inLanguage\":\"en-US\",\"potentialAction\":[{\"@type\":\"ReadAction\",\"target\":[\"https:\\\/\\\/hasa.fi\\\/en\\\/sawn-timber\\\/\"]}]},{\"@type\":\"ImageObject\",\"inLanguage\":\"en-US\",\"@id\":\"https:\\\/\\\/hasa.fi\\\/en\\\/sawn-timber\\\/#primaryimage\",\"url\":\"https:\\\/\\\/hasa.fi\\\/wp-content\\\/uploads\\\/2023\\\/06\\\/Hasa_tuotano_henkilot_166_1920x1280.jpg\",\"contentUrl\":\"https:\\\/\\\/hasa.fi\\\/wp-content\\\/uploads\\\/2023\\\/06\\\/Hasa_tuotano_henkilot_166_1920x1280.jpg\",\"width\":1920,\"height\":1280,\"caption\":\"Sahatavaraa Ha-Sa Oy:lt\u00e4\"},{\"@type\":\"BreadcrumbList\",\"@id\":\"https:\\\/\\\/hasa.fi\\\/en\\\/sawn-timber\\\/#breadcrumb\",\"itemListElement\":[{\"@type\":\"ListItem\",\"position\":1,\"name\":\"Etusivu\",\"item\":\"https:\\\/\\\/hasa.fi\\\/en\\\/\"},{\"@type\":\"ListItem\",\"position\":2,\"name\":\"SAWN TIMBER\"}]},{\"@type\":\"WebSite\",\"@id\":\"https:\\\/\\\/hasa.fi\\\/en\\\/#website\",\"url\":\"https:\\\/\\\/hasa.fi\\\/en\\\/\",\"name\":\"Haapaj\u00e4rven Ha-Sa Oy\",\"description\":\"HASA on nykyaikainen sahayhti\u00f6, jolla on tuotantolaitokset Haapaj\u00e4rvell\u00e4 ja Haapavedell\u00e4.\",\"potentialAction\":[{\"@type\":\"SearchAction\",\"target\":{\"@type\":\"EntryPoint\",\"urlTemplate\":\"https:\\\/\\\/hasa.fi\\\/en\\\/?s={search_term_string}\"},\"query-input\":{\"@type\":\"PropertyValueSpecification\",\"valueRequired\":true,\"valueName\":\"search_term_string\"}}],\"inLanguage\":\"en-US\"}]}<\/script>\n<!-- \/ Yoast SEO plugin. -->","yoast_head_json":{"title":"SAWN TIMBER - Haapaj\u00e4rven Ha-Sa Oy","description":"We produce high-quality sawn timber for general industry, demanding structures, the packaging industry and for road and bridge construction needs.","robots":{"index":"index","follow":"follow","max-snippet":"max-snippet:-1","max-image-preview":"max-image-preview:large","max-video-preview":"max-video-preview:-1"},"canonical":"https:\/\/hasa.fi\/en\/sawn-timber\/","og_locale":"en_US","og_type":"article","og_title":"SAWN TIMBER - Haapaj\u00e4rven Ha-Sa Oy","og_description":"We produce high-quality sawn timber for general industry, demanding structures, the packaging industry and for road and bridge construction needs.","og_site_name":"Haapaj\u00e4rven Ha-Sa Oy","article_modified_time":"2025-02-18T13:55:57+00:00","og_image":[{"width":1920,"height":1280,"url":"https:\/\/hasa.fi\/wp-content\/uploads\/2023\/06\/Hasa_tuotano_henkilot_166_1920x1280.jpg","type":"image\/jpeg"}],"twitter_card":"summary_large_image","twitter_misc":{"Est. reading time":"3 minutes"},"schema":{"@context":"https:\/\/schema.org","@graph":[{"@type":"WebPage","@id":"https:\/\/hasa.fi\/en\/sawn-timber\/","url":"https:\/\/hasa.fi\/en\/sawn-timber\/","name":"SAWN TIMBER - Haapaj\u00e4rven Ha-Sa Oy","isPartOf":{"@id":"https:\/\/hasa.fi\/en\/#website"},"primaryImageOfPage":{"@id":"https:\/\/hasa.fi\/en\/sawn-timber\/#primaryimage"},"image":{"@id":"https:\/\/hasa.fi\/en\/sawn-timber\/#primaryimage"},"thumbnailUrl":"https:\/\/hasa.fi\/wp-content\/uploads\/2023\/06\/Hasa_tuotano_henkilot_166_1920x1280.jpg","datePublished":"2023-05-09T12:48:52+00:00","dateModified":"2025-02-18T13:55:57+00:00","description":"We produce high-quality sawn timber for general industry, demanding structures, the packaging industry and for road and bridge construction needs.","breadcrumb":{"@id":"https:\/\/hasa.fi\/en\/sawn-timber\/#breadcrumb"},"inLanguage":"en-US","potentialAction":[{"@type":"ReadAction","target":["https:\/\/hasa.fi\/en\/sawn-timber\/"]}]},{"@type":"ImageObject","inLanguage":"en-US","@id":"https:\/\/hasa.fi\/en\/sawn-timber\/#primaryimage","url":"https:\/\/hasa.fi\/wp-content\/uploads\/2023\/06\/Hasa_tuotano_henkilot_166_1920x1280.jpg","contentUrl":"https:\/\/hasa.fi\/wp-content\/uploads\/2023\/06\/Hasa_tuotano_henkilot_166_1920x1280.jpg","width":1920,"height":1280,"caption":"Sahatavaraa Ha-Sa Oy:lt\u00e4"},{"@type":"BreadcrumbList","@id":"https:\/\/hasa.fi\/en\/sawn-timber\/#breadcrumb","itemListElement":[{"@type":"ListItem","position":1,"name":"Etusivu","item":"https:\/\/hasa.fi\/en\/"},{"@type":"ListItem","position":2,"name":"SAWN TIMBER"}]},{"@type":"WebSite","@id":"https:\/\/hasa.fi\/en\/#website","url":"https:\/\/hasa.fi\/en\/","name":"Haapaj\u00e4rven Ha-Sa Oy","description":"HASA on nykyaikainen sahayhti\u00f6, jolla on tuotantolaitokset Haapaj\u00e4rvell\u00e4 ja Haapavedell\u00e4.","potentialAction":[{"@type":"SearchAction","target":{"@type":"EntryPoint","urlTemplate":"https:\/\/hasa.fi\/en\/?s={search_term_string}"},"query-input":{"@type":"PropertyValueSpecification","valueRequired":true,"valueName":"search_term_string"}}],"inLanguage":"en-US"}]}},"_links":{"self":[{"href":"https:\/\/hasa.fi\/en\/wp-json\/wp\/v2\/pages\/2067","targetHints":{"allow":["GET"]}}],"collection":[{"href":"https:\/\/hasa.fi\/en\/wp-json\/wp\/v2\/pages"}],"about":[{"href":"https:\/\/hasa.fi\/en\/wp-json\/wp\/v2\/types\/page"}],"author":[{"embeddable":true,"href":"https:\/\/hasa.fi\/en\/wp-json\/wp\/v2\/users\/1"}],"replies":[{"embeddable":true,"href":"https:\/\/hasa.fi\/en\/wp-json\/wp\/v2\/comments?post=2067"}],"version-history":[{"count":15,"href":"https:\/\/hasa.fi\/en\/wp-json\/wp\/v2\/pages\/2067\/revisions"}],"predecessor-version":[{"id":2359,"href":"https:\/\/hasa.fi\/en\/wp-json\/wp\/v2\/pages\/2067\/revisions\/2359"}],"wp:featuredmedia":[{"embeddable":true,"href":"https:\/\/hasa.fi\/en\/wp-json\/wp\/v2\/media\/2031"}],"wp:attachment":[{"href":"https:\/\/hasa.fi\/en\/wp-json\/wp\/v2\/media?parent=2067"}],"curies":[{"name":"wp","href":"https:\/\/api.w.org\/{rel}","templated":true}]}}