{"id":2084,"date":"2023-05-09T06:33:36","date_gmt":"2023-05-09T06:33:36","guid":{"rendered":"https:\/\/hasa.fi\/ymparisto\/"},"modified":"2024-10-30T20:37:52","modified_gmt":"2024-10-30T20:37:52","slug":"environment","status":"publish","type":"page","link":"https:\/\/hasa.fi\/en\/environment\/","title":{"rendered":"Environment"},"content":{"rendered":"<p>[et_pb_section fb_built=&#8221;1&#8243; custom_padding_last_edited=&#8221;on|phone&#8221; _builder_version=&#8221;4.21.0&#8243; _module_preset=&#8221;default&#8221; background_image=&#8221;https:\/\/hasa.fi\/wp-content\/uploads\/2023\/04\/Tausta-haalea.png&#8221; custom_margin_tablet=&#8221;&#8221; custom_margin_phone=&#8221;0px||||false|false&#8221; custom_margin_last_edited=&#8221;on|phone&#8221; custom_padding=&#8221;||8px|||&#8221; custom_padding_tablet=&#8221;||8px|||&#8221; custom_padding_phone=&#8221;0px||||false|false&#8221; global_colors_info=&#8221;{}&#8221;][et_pb_row column_structure=&#8221;1_2,1_2&#8243; make_equal=&#8221;on&#8221; _builder_version=&#8221;4.21.0&#8243; _module_preset=&#8221;default&#8221; width_tablet=&#8221;&#8221; width_phone=&#8221;100%&#8221; width_last_edited=&#8221;on|phone&#8221; max_width_tablet=&#8221;&#8221; max_width_phone=&#8221;2058px&#8221; max_width_last_edited=&#8221;on|phone&#8221; global_colors_info=&#8221;{}&#8221;][et_pb_column type=&#8221;1_2&#8243; _builder_version=&#8221;4.21.0&#8243; _module_preset=&#8221;default&#8221; custom_css_main_element=&#8221;display: flex;||flex-direction: column;||justify-content: center;&#8221; global_colors_info=&#8221;{}&#8221;][et_pb_text _builder_version=&#8221;4.21.0&#8243; _module_preset=&#8221;default&#8221; header_2_font=&#8221;Playfair Display||on||||||&#8221; header_2_text_color=&#8221;#384f63&#8243; header_2_font_size=&#8221;42px&#8221; header_3_font=&#8221;|700|||||||&#8221; header_3_font_size=&#8221;14px&#8221; custom_margin=&#8221;||14px|||&#8221; custom_padding=&#8221;||||false|false&#8221; custom_padding_tablet=&#8221;||||false|false&#8221; custom_padding_phone=&#8221;|20px||20px|false|true&#8221; custom_padding_last_edited=&#8221;on|phone&#8221; header_2_font_size_tablet=&#8221;42px&#8221; header_2_font_size_phone=&#8221;39px&#8221; header_2_font_size_last_edited=&#8221;on|phone&#8221; global_colors_info=&#8221;{}&#8221;]<\/p>\n<h2>HASA&#8217;s environmental responsibility<\/h2>\n<p>[\/et_pb_text][\/et_pb_column][et_pb_column type=&#8221;1_2&#8243; _builder_version=&#8221;4.21.0&#8243; _module_preset=&#8221;default&#8221; global_colors_info=&#8221;{}&#8221;][et_pb_image src=&#8221;https:\/\/hasa.fi\/wp-content\/uploads\/2023\/06\/Hasa_ymparisto_poika_puussa_140_1080x1080.jpg&#8221; title_text=&#8221;Hasa_environment_boy_in_the_tree&#8221; align_tablet=&#8221;center&#8221; align_phone=&#8221;center&#8221; align_last_edited=&#8221;on|tablet&#8221; _builder_version=&#8221;4.21.0&#8243; _module_preset=&#8221;default&#8221; width=&#8221;400px&#8221; width_tablet=&#8221;400px&#8221; width_phone=&#8221;300px&#8221; width_last_edited=&#8221;on|phone&#8221; max_height=&#8221;400px&#8221; max_height_tablet=&#8221;400px&#8221; max_height_phone=&#8221;300px&#8221; max_height_last_edited=&#8221;on|phone&#8221; border_radii=&#8221;on|600px|600px|600px|600px&#8221; global_colors_info=&#8221;{}&#8221;][\/et_pb_image][\/et_pb_column][\/et_pb_row][\/et_pb_section][et_pb_section fb_built=&#8221;1&#8243; specialty=&#8221;on&#8221; custom_padding_last_edited=&#8221;on|phone&#8221; padding_top_bottom_link_1=&#8221;false&#8221; padding_left_right_link_1=&#8221;false&#8221; padding_1_tablet=&#8221;&#8221; padding_2_tablet=&#8221;&#8221; padding_1_phone=&#8221;|0px||0px|false|false&#8221; padding_2_phone=&#8221;|0px||0px|false|true&#8221; padding_1_last_edited=&#8221;on|phone&#8221; padding_2_last_edited=&#8221;on|phone&#8221; _builder_version=&#8221;4.21.0&#8243; _module_preset=&#8221;default&#8221; width_tablet=&#8221;&#8221; width_phone=&#8221;100%&#8221; width_last_edited=&#8221;on|phone&#8221; max_width_tablet=&#8221;&#8221; max_width_phone=&#8221;100%&#8221; max_width_last_edited=&#8221;on|phone&#8221; inner_width_tablet=&#8221;&#8221; inner_width_phone=&#8221;&#8221; inner_width_last_edited=&#8221;on|phone&#8221; inner_max_width_tablet=&#8221;&#8221; inner_max_width_phone=&#8221;2500px&#8221; inner_max_width_last_edited=&#8221;on|phone&#8221; custom_margin_tablet=&#8221;&#8221; custom_margin_phone=&#8221;|0px||0px|false|true&#8221; custom_margin_last_edited=&#8221;on|phone&#8221; custom_padding_tablet=&#8221;&#8221; custom_padding_phone=&#8221;|0px||0px|false|true&#8221; module_alignment_tablet=&#8221;&#8221; module_alignment_phone=&#8221;center&#8221; module_alignment_last_edited=&#8221;on|phone&#8221; inner_module_alignment_tablet=&#8221;&#8221; inner_module_alignment_phone=&#8221;center&#8221; inner_module_alignment_last_edited=&#8221;on|phone&#8221; global_colors_info=&#8221;{}&#8221;][et_pb_column type=&#8221;1_2&#8243; _builder_version=&#8221;4.16&#8243; custom_padding=&#8221;|||&#8221; global_colors_info=&#8221;{}&#8221; custom_padding__hover=&#8221;|||&#8221;][et_pb_image src=&#8221;https:\/\/hasa.fi\/wp-content\/uploads\/2023\/06\/Hasa_ymparisto_puu_94_1080x1080.jpg&#8221; title_text=&#8221;Hasa_environment_tree&#8221; align_tablet=&#8221;center&#8221; align_phone=&#8221;center&#8221; align_last_edited=&#8221;on|phone&#8221; _builder_version=&#8221;4.21.0&#8243; _module_preset=&#8221;default&#8221; width=&#8221;400px&#8221; width_tablet=&#8221;400px&#8221; width_phone=&#8221;300px&#8221; width_last_edited=&#8221;on|phone&#8221; module_alignment=&#8221;center&#8221; custom_margin=&#8221;|21px||21px|false|true&#8221; custom_margin_tablet=&#8221;|21px||21px|false|true&#8221; custom_margin_phone=&#8221;|0px||0px|false|true&#8221; custom_margin_last_edited=&#8221;on|phone&#8221; custom_padding=&#8221;|10px||10px|false|true&#8221; custom_padding_tablet=&#8221;|10px||10px|false|true&#8221; custom_padding_phone=&#8221;|0px||0px|false|true&#8221; custom_padding_last_edited=&#8221;on|phone&#8221; border_radii=&#8221;on|600px|600px|600px|600px&#8221; global_colors_info=&#8221;{}&#8221;][\/et_pb_image][\/et_pb_column][et_pb_column type=&#8221;1_2&#8243; specialty_columns=&#8221;2&#8243; _builder_version=&#8221;4.16&#8243; custom_padding=&#8221;|||&#8221; global_colors_info=&#8221;{}&#8221; custom_padding__hover=&#8221;|||&#8221;][et_pb_row_inner _builder_version=&#8221;4.21.0&#8243; _module_preset=&#8221;default&#8221; global_colors_info=&#8221;{}&#8221;][et_pb_column_inner saved_specialty_column_type=&#8221;1_2&#8243; _builder_version=&#8221;4.21.0&#8243; _module_preset=&#8221;default&#8221; global_colors_info=&#8221;{}&#8221;][et_pb_text _builder_version=&#8221;4.23.4&#8243; _module_preset=&#8221;default&#8221; text_line_height=&#8221;1.6em&#8221; header_2_font=&#8221;|700||on|||||&#8221; header_3_font=&#8221;|700|on||||||&#8221; header_3_font_size=&#8221;14px&#8221; global_colors_info=&#8221;{}&#8221;]<\/p>\n<p>HASA takes environmental values into account in all its activities, from sourcing wood to delivering the final product. The raw material (wood) for HASA&#8217;s production facilities comes from sustainably managed PEFC-certified forests. As a guarantee of this, HASA has been awarded the Chain of Custody certificates (PEFC and FSC <sup>\u00ae<\/sup>).<\/p>\n<p>The production of sawn timber is based on the use of renewable raw materials. Sawn timber is environmentally friendly and long-term carbon-binding product that is fully recyclable. The production process aims to maximize the yield of sawn timber. The sawdust produced as a by-product is used as a raw material in the chemical forest industry. Bark is converted into bioenergy at nearby heating plants. Sawdust is mainly supplied to the processing industry for use as raw material.<\/p>\n<p>Considering environmental impacts is an essential part of doing business. Economic, social and environmental principles are taken into account in all aspects of operations and production. This way, the environment is accounted for and the preservation of biodiversity for future generations is ensured.<\/p>\n<p>[\/et_pb_text][\/et_pb_column_inner][\/et_pb_row_inner][et_pb_row_inner _builder_version=&#8221;4.21.0&#8243; _module_preset=&#8221;default&#8221; global_colors_info=&#8221;{}&#8221;][et_pb_column_inner saved_specialty_column_type=&#8221;1_2&#8243; _builder_version=&#8221;4.21.0&#8243; _module_preset=&#8221;default&#8221; global_colors_info=&#8221;{}&#8221;][et_pb_text _builder_version=&#8221;4.21.0&#8243; _module_preset=&#8221;default&#8221; text_font=&#8221;|700||on|||||&#8221; text_text_color=&#8221;#000000&#8243; custom_margin=&#8221;||5px|||&#8221; global_colors_info=&#8221;{}&#8221;]<\/p>\n<p>CERTIFICATES:<\/p>\n<p>[\/et_pb_text][\/et_pb_column_inner][\/et_pb_row_inner][et_pb_row_inner column_structure=&#8221;1_2,1_2&#8243; _builder_version=&#8221;4.21.0&#8243; _module_preset=&#8221;default&#8221; min_height=&#8221;52.8px&#8221; custom_margin=&#8221;||6px|||&#8221; custom_padding=&#8221;14px||3px|||&#8221; border_width_bottom=&#8221;1px&#8221; border_color_bottom=&#8221;#bababa&#8221; global_colors_info=&#8221;{}&#8221;][et_pb_column_inner type=&#8221;1_2&#8243; saved_specialty_column_type=&#8221;1_2&#8243; _builder_version=&#8221;4.21.0&#8243; _module_preset=&#8221;default&#8221; global_colors_info=&#8221;{}&#8221;][et_pb_text _builder_version=&#8221;4.21.0&#8243; _module_preset=&#8221;default&#8221; positioning=&#8221;absolute&#8221; width=&#8221;100%&#8221; width_tablet=&#8221;100%&#8221; width_phone=&#8221;100%&#8221; width_last_edited=&#8221;on|phone&#8221; custom_margin=&#8221;||||false|false&#8221; global_colors_info=&#8221;{}&#8221;]<\/p>\n<p>FSC<sup>\u00ae<\/sup><\/p>\n<p>[\/et_pb_text][\/et_pb_column_inner][et_pb_column_inner type=&#8221;1_2&#8243; saved_specialty_column_type=&#8221;1_2&#8243; _builder_version=&#8221;4.21.0&#8243; _module_preset=&#8221;default&#8221; positioning=&#8221;absolute&#8221; position_origin_a=&#8221;bottom_right&#8221; position_origin_r=&#8221;bottom_right&#8221; global_colors_info=&#8221;{}&#8221;][et_pb_text _builder_version=&#8221;4.23.4&#8243; _module_preset=&#8221;default&#8221; link_text_color=&#8221;#000000&#8243; positioning=&#8221;absolute&#8221; position_origin_a=&#8221;bottom_right&#8221; position_origin_r=&#8221;top_right&#8221; text_orientation=&#8221;right&#8221; width=&#8221;100%&#8221; width_tablet=&#8221;100%&#8221; width_phone=&#8221;100%&#8221; width_last_edited=&#8221;on|phone&#8221; custom_margin=&#8221;||5px|||&#8221; link_option_url=&#8221;https:\/\/hasa.fi\/wp-content\/uploads\/2024\/01\/Certificate_DNV-COC-CW-001526.pdf&#8221; link_option_url_new_window=&#8221;on&#8221; global_colors_info=&#8221;{}&#8221;]<\/p>\n<p><a href=\"https:\/\/hasa.fi\/wp-content\/uploads\/2024\/01\/Certificate_DNV-COC-CW-001526.pdf\" target=\"_blank\" rel=\"noopener\">DOWNLOAD PDF<\/a><\/p>\n<p>[\/et_pb_text][\/et_pb_column_inner][\/et_pb_row_inner][et_pb_row_inner column_structure=&#8221;1_2,1_2&#8243; _builder_version=&#8221;4.21.0&#8243; _module_preset=&#8221;default&#8221; min_height=&#8221;52.8px&#8221; custom_margin=&#8221;||6px|||&#8221; custom_padding=&#8221;14px||3px|||&#8221; border_width_bottom=&#8221;1px&#8221; border_color_bottom=&#8221;#bababa&#8221; global_colors_info=&#8221;{}&#8221;][et_pb_column_inner type=&#8221;1_2&#8243; saved_specialty_column_type=&#8221;1_2&#8243; _builder_version=&#8221;4.21.0&#8243; _module_preset=&#8221;default&#8221; global_colors_info=&#8221;{}&#8221;][et_pb_text _builder_version=&#8221;4.21.0&#8243; _module_preset=&#8221;default&#8221; positioning=&#8221;absolute&#8221; width=&#8221;100%&#8221; width_tablet=&#8221;100%&#8221; width_phone=&#8221;100%&#8221; width_last_edited=&#8221;on|phone&#8221; custom_margin=&#8221;||||false|false&#8221; global_colors_info=&#8221;{}&#8221;]<\/p>\n<p>PEFC (fin)<\/p>\n<p>[\/et_pb_text][\/et_pb_column_inner][et_pb_column_inner type=&#8221;1_2&#8243; saved_specialty_column_type=&#8221;1_2&#8243; _builder_version=&#8221;4.21.0&#8243; _module_preset=&#8221;default&#8221; positioning=&#8221;absolute&#8221; position_origin_a=&#8221;bottom_right&#8221; position_origin_r=&#8221;bottom_right&#8221; global_colors_info=&#8221;{}&#8221;][et_pb_text _builder_version=&#8221;4.27.2&#8243; _module_preset=&#8221;default&#8221; link_text_color=&#8221;#000000&#8243; positioning=&#8221;absolute&#8221; position_origin_a=&#8221;bottom_right&#8221; position_origin_r=&#8221;top_right&#8221; text_orientation=&#8221;right&#8221; width=&#8221;100%&#8221; width_tablet=&#8221;100%&#8221; width_phone=&#8221;100%&#8221; width_last_edited=&#8221;on|phone&#8221; custom_margin=&#8221;||5px|||&#8221; link_option_url=&#8221;https:\/\/hasa.fi\/wp-content\/uploads\/2024\/01\/pefc_fin_20230731_QR.pdf&#8221; link_option_url_new_window=&#8221;on&#8221; hover_enabled=&#8221;0&#8243; global_colors_info=&#8221;{}&#8221; sticky_enabled=&#8221;0&#8243;]<a href=\"https:\/\/hasa.fi\/wp-content\/uploads\/2024\/10\/pefc_eng_20240527_QR.pdf\" target=\"_blank\" rel=\"noopener\">DOWNLOAD PDF<\/a>[\/et_pb_text][\/et_pb_column_inner][\/et_pb_row_inner][et_pb_row_inner column_structure=&#8221;1_2,1_2&#8243; _builder_version=&#8221;4.21.0&#8243; _module_preset=&#8221;default&#8221; min_height=&#8221;52.8px&#8221; custom_margin=&#8221;||6px|||&#8221; custom_padding=&#8221;14px||3px|||&#8221; border_width_bottom=&#8221;1px&#8221; border_color_bottom=&#8221;#bababa&#8221; global_colors_info=&#8221;{}&#8221;][et_pb_column_inner type=&#8221;1_2&#8243; saved_specialty_column_type=&#8221;1_2&#8243; _builder_version=&#8221;4.21.0&#8243; _module_preset=&#8221;default&#8221; global_colors_info=&#8221;{}&#8221;][et_pb_text _builder_version=&#8221;4.21.0&#8243; _module_preset=&#8221;default&#8221; positioning=&#8221;absolute&#8221; width=&#8221;100%&#8221; width_tablet=&#8221;100%&#8221; width_phone=&#8221;100%&#8221; width_last_edited=&#8221;on|phone&#8221; custom_margin=&#8221;||||false|false&#8221; global_colors_info=&#8221;{}&#8221;]<\/p>\n<p>PEFC (eng)<\/p>\n<p>[\/et_pb_text][\/et_pb_column_inner][et_pb_column_inner type=&#8221;1_2&#8243; saved_specialty_column_type=&#8221;1_2&#8243; _builder_version=&#8221;4.21.0&#8243; _module_preset=&#8221;default&#8221; positioning=&#8221;absolute&#8221; position_origin_a=&#8221;bottom_right&#8221; position_origin_r=&#8221;bottom_right&#8221; global_colors_info=&#8221;{}&#8221;][et_pb_text _builder_version=&#8221;4.27.2&#8243; _module_preset=&#8221;default&#8221; link_text_color=&#8221;#000000&#8243; positioning=&#8221;absolute&#8221; position_origin_a=&#8221;bottom_right&#8221; position_origin_r=&#8221;top_right&#8221; text_orientation=&#8221;right&#8221; width=&#8221;100%&#8221; width_tablet=&#8221;100%&#8221; width_phone=&#8221;100%&#8221; width_last_edited=&#8221;on|phone&#8221; custom_margin=&#8221;||5px|||&#8221; link_option_url=&#8221;https:\/\/hasa.fi\/wp-content\/uploads\/2024\/01\/pefc_eng_20230731_QR.pdf&#8221; link_option_url_new_window=&#8221;on&#8221; hover_enabled=&#8221;0&#8243; global_colors_info=&#8221;{}&#8221; sticky_enabled=&#8221;0&#8243;]<a href=\"https:\/\/hasa.fi\/wp-content\/uploads\/2024\/10\/pefc_eng_20240527_QR.pdf\" target=\"_blank\" rel=\"noopener\" data-wplink-edit=\"true\">DOWNLOAD PDF<\/a>[\/et_pb_text][\/et_pb_column_inner][\/et_pb_row_inner][\/et_pb_column][\/et_pb_section]<\/p>\n","protected":false},"excerpt":{"rendered":"<p>A flexible and efficient production chain. The quality of the wood is maximized already at the procurement stage.<\/p>\n","protected":false},"author":1,"featured_media":2044,"parent":0,"menu_order":0,"comment_status":"closed","ping_status":"closed","template":"","meta":{"_acf_changed":false,"_et_pb_use_builder":"on","_et_pb_old_content":"","_et_gb_content_width":"","inline_featured_image":false,"footnotes":""},"class_list":["post-2084","page","type-page","status-publish","has-post-thumbnail","hentry"],"acf":[],"yoast_head":"<!-- This site is optimized with the Yoast SEO plugin v27.5 - https:\/\/yoast.com\/product\/yoast-seo-wordpress\/ -->\n<title>Environment - Haapaj\u00e4rven Ha-Sa Oy<\/title>\n<meta name=\"description\" content=\"The company takes environmental values into account in all its activities, from sourcing wood to delivering the final product.\" \/>\n<meta name=\"robots\" content=\"index, follow, max-snippet:-1, max-image-preview:large, max-video-preview:-1\" \/>\n<link rel=\"canonical\" href=\"https:\/\/hasa.fi\/en\/environment\/\" \/>\n<meta property=\"og:locale\" content=\"en_US\" \/>\n<meta property=\"og:type\" content=\"article\" \/>\n<meta property=\"og:title\" content=\"Environment - Haapaj\u00e4rven Ha-Sa Oy\" \/>\n<meta property=\"og:description\" content=\"The company takes environmental values into account in all its activities, from sourcing wood to delivering the final product.\" \/>\n<meta property=\"og:site_name\" content=\"Haapaj\u00e4rven Ha-Sa Oy\" \/>\n<meta property=\"article:modified_time\" content=\"2024-10-30T20:37:52+00:00\" \/>\n<meta property=\"og:image\" content=\"https:\/\/hasa.fi\/wp-content\/uploads\/2023\/07\/Ymparisto-hasa.jpg\" \/>\n\t<meta property=\"og:image:width\" content=\"2000\" \/>\n\t<meta property=\"og:image:height\" content=\"1333\" \/>\n\t<meta property=\"og:image:type\" content=\"image\/jpeg\" \/>\n<meta name=\"twitter:card\" content=\"summary_large_image\" \/>\n<meta name=\"twitter:label1\" content=\"Est. reading time\" \/>\n\t<meta name=\"twitter:data1\" content=\"2 minutes\" \/>\n<script type=\"application\/ld+json\" class=\"yoast-schema-graph\">{\"@context\":\"https:\\\/\\\/schema.org\",\"@graph\":[{\"@type\":\"WebPage\",\"@id\":\"https:\\\/\\\/hasa.fi\\\/en\\\/environment\\\/\",\"url\":\"https:\\\/\\\/hasa.fi\\\/en\\\/environment\\\/\",\"name\":\"Environment - Haapaj\u00e4rven Ha-Sa Oy\",\"isPartOf\":{\"@id\":\"https:\\\/\\\/hasa.fi\\\/en\\\/#website\"},\"primaryImageOfPage\":{\"@id\":\"https:\\\/\\\/hasa.fi\\\/en\\\/environment\\\/#primaryimage\"},\"image\":{\"@id\":\"https:\\\/\\\/hasa.fi\\\/en\\\/environment\\\/#primaryimage\"},\"thumbnailUrl\":\"https:\\\/\\\/hasa.fi\\\/wp-content\\\/uploads\\\/2023\\\/07\\\/Ymparisto-hasa.jpg\",\"datePublished\":\"2023-05-09T06:33:36+00:00\",\"dateModified\":\"2024-10-30T20:37:52+00:00\",\"description\":\"The company takes environmental values into account in all its activities, from sourcing wood to delivering the final product.\",\"breadcrumb\":{\"@id\":\"https:\\\/\\\/hasa.fi\\\/en\\\/environment\\\/#breadcrumb\"},\"inLanguage\":\"en-US\",\"potentialAction\":[{\"@type\":\"ReadAction\",\"target\":[\"https:\\\/\\\/hasa.fi\\\/en\\\/environment\\\/\"]}]},{\"@type\":\"ImageObject\",\"inLanguage\":\"en-US\",\"@id\":\"https:\\\/\\\/hasa.fi\\\/en\\\/environment\\\/#primaryimage\",\"url\":\"https:\\\/\\\/hasa.fi\\\/wp-content\\\/uploads\\\/2023\\\/07\\\/Ymparisto-hasa.jpg\",\"contentUrl\":\"https:\\\/\\\/hasa.fi\\\/wp-content\\\/uploads\\\/2023\\\/07\\\/Ymparisto-hasa.jpg\",\"width\":2000,\"height\":1333,\"caption\":\"HASA ottaa ymp\u00e4rist\u00f6arvot huomioon kaikessa toiminnassaan.\"},{\"@type\":\"BreadcrumbList\",\"@id\":\"https:\\\/\\\/hasa.fi\\\/en\\\/environment\\\/#breadcrumb\",\"itemListElement\":[{\"@type\":\"ListItem\",\"position\":1,\"name\":\"Etusivu\",\"item\":\"https:\\\/\\\/hasa.fi\\\/en\\\/\"},{\"@type\":\"ListItem\",\"position\":2,\"name\":\"Environment\"}]},{\"@type\":\"WebSite\",\"@id\":\"https:\\\/\\\/hasa.fi\\\/en\\\/#website\",\"url\":\"https:\\\/\\\/hasa.fi\\\/en\\\/\",\"name\":\"Haapaj\u00e4rven Ha-Sa Oy\",\"description\":\"HASA on nykyaikainen sahayhti\u00f6, jolla on tuotantolaitokset Haapaj\u00e4rvell\u00e4 ja Haapavedell\u00e4.\",\"potentialAction\":[{\"@type\":\"SearchAction\",\"target\":{\"@type\":\"EntryPoint\",\"urlTemplate\":\"https:\\\/\\\/hasa.fi\\\/en\\\/?s={search_term_string}\"},\"query-input\":{\"@type\":\"PropertyValueSpecification\",\"valueRequired\":true,\"valueName\":\"search_term_string\"}}],\"inLanguage\":\"en-US\"}]}<\/script>\n<!-- \/ Yoast SEO plugin. -->","yoast_head_json":{"title":"Environment - Haapaj\u00e4rven Ha-Sa Oy","description":"The company takes environmental values into account in all its activities, from sourcing wood to delivering the final product.","robots":{"index":"index","follow":"follow","max-snippet":"max-snippet:-1","max-image-preview":"max-image-preview:large","max-video-preview":"max-video-preview:-1"},"canonical":"https:\/\/hasa.fi\/en\/environment\/","og_locale":"en_US","og_type":"article","og_title":"Environment - Haapaj\u00e4rven Ha-Sa Oy","og_description":"The company takes environmental values into account in all its activities, from sourcing wood to delivering the final product.","og_site_name":"Haapaj\u00e4rven Ha-Sa Oy","article_modified_time":"2024-10-30T20:37:52+00:00","og_image":[{"width":2000,"height":1333,"url":"https:\/\/hasa.fi\/wp-content\/uploads\/2023\/07\/Ymparisto-hasa.jpg","type":"image\/jpeg"}],"twitter_card":"summary_large_image","twitter_misc":{"Est. reading time":"2 minutes"},"schema":{"@context":"https:\/\/schema.org","@graph":[{"@type":"WebPage","@id":"https:\/\/hasa.fi\/en\/environment\/","url":"https:\/\/hasa.fi\/en\/environment\/","name":"Environment - Haapaj\u00e4rven Ha-Sa Oy","isPartOf":{"@id":"https:\/\/hasa.fi\/en\/#website"},"primaryImageOfPage":{"@id":"https:\/\/hasa.fi\/en\/environment\/#primaryimage"},"image":{"@id":"https:\/\/hasa.fi\/en\/environment\/#primaryimage"},"thumbnailUrl":"https:\/\/hasa.fi\/wp-content\/uploads\/2023\/07\/Ymparisto-hasa.jpg","datePublished":"2023-05-09T06:33:36+00:00","dateModified":"2024-10-30T20:37:52+00:00","description":"The company takes environmental values into account in all its activities, from sourcing wood to delivering the final product.","breadcrumb":{"@id":"https:\/\/hasa.fi\/en\/environment\/#breadcrumb"},"inLanguage":"en-US","potentialAction":[{"@type":"ReadAction","target":["https:\/\/hasa.fi\/en\/environment\/"]}]},{"@type":"ImageObject","inLanguage":"en-US","@id":"https:\/\/hasa.fi\/en\/environment\/#primaryimage","url":"https:\/\/hasa.fi\/wp-content\/uploads\/2023\/07\/Ymparisto-hasa.jpg","contentUrl":"https:\/\/hasa.fi\/wp-content\/uploads\/2023\/07\/Ymparisto-hasa.jpg","width":2000,"height":1333,"caption":"HASA ottaa ymp\u00e4rist\u00f6arvot huomioon kaikessa toiminnassaan."},{"@type":"BreadcrumbList","@id":"https:\/\/hasa.fi\/en\/environment\/#breadcrumb","itemListElement":[{"@type":"ListItem","position":1,"name":"Etusivu","item":"https:\/\/hasa.fi\/en\/"},{"@type":"ListItem","position":2,"name":"Environment"}]},{"@type":"WebSite","@id":"https:\/\/hasa.fi\/en\/#website","url":"https:\/\/hasa.fi\/en\/","name":"Haapaj\u00e4rven Ha-Sa Oy","description":"HASA on nykyaikainen sahayhti\u00f6, jolla on tuotantolaitokset Haapaj\u00e4rvell\u00e4 ja Haapavedell\u00e4.","potentialAction":[{"@type":"SearchAction","target":{"@type":"EntryPoint","urlTemplate":"https:\/\/hasa.fi\/en\/?s={search_term_string}"},"query-input":{"@type":"PropertyValueSpecification","valueRequired":true,"valueName":"search_term_string"}}],"inLanguage":"en-US"}]}},"_links":{"self":[{"href":"https:\/\/hasa.fi\/en\/wp-json\/wp\/v2\/pages\/2084","targetHints":{"allow":["GET"]}}],"collection":[{"href":"https:\/\/hasa.fi\/en\/wp-json\/wp\/v2\/pages"}],"about":[{"href":"https:\/\/hasa.fi\/en\/wp-json\/wp\/v2\/types\/page"}],"author":[{"embeddable":true,"href":"https:\/\/hasa.fi\/en\/wp-json\/wp\/v2\/users\/1"}],"replies":[{"embeddable":true,"href":"https:\/\/hasa.fi\/en\/wp-json\/wp\/v2\/comments?post=2084"}],"version-history":[{"count":10,"href":"https:\/\/hasa.fi\/en\/wp-json\/wp\/v2\/pages\/2084\/revisions"}],"predecessor-version":[{"id":2324,"href":"https:\/\/hasa.fi\/en\/wp-json\/wp\/v2\/pages\/2084\/revisions\/2324"}],"wp:featuredmedia":[{"embeddable":true,"href":"https:\/\/hasa.fi\/en\/wp-json\/wp\/v2\/media\/2044"}],"wp:attachment":[{"href":"https:\/\/hasa.fi\/en\/wp-json\/wp\/v2\/media?parent=2084"}],"curies":[{"name":"wp","href":"https:\/\/api.w.org\/{rel}","templated":true}]}}