{"id":2103,"date":"2023-05-18T14:45:58","date_gmt":"2023-05-18T14:45:58","guid":{"rendered":"https:\/\/hasa.fi\/yhteystiedot\/"},"modified":"2024-01-18T07:21:29","modified_gmt":"2024-01-18T07:21:29","slug":"contact-information","status":"publish","type":"page","link":"https:\/\/hasa.fi\/en\/contact-information\/","title":{"rendered":"Contact Information"},"content":{"rendered":"<p>[et_pb_section fb_built=&#8221;1&#8243; custom_padding_last_edited=&#8221;on|phone&#8221; _builder_version=&#8221;4.21.0&#8243; _module_preset=&#8221;default&#8221; background_image=&#8221;https:\/\/hasa.fi\/wp-content\/uploads\/2023\/04\/Tausta-haalea.png&#8221; custom_padding=&#8221;||8px|||&#8221; custom_padding_tablet=&#8221;||8px|||&#8221; custom_padding_phone=&#8221;0px||||false|false&#8221; global_colors_info=&#8221;{}&#8221;][et_pb_row column_structure=&#8221;1_2,1_2&#8243; make_equal=&#8221;on&#8221; _builder_version=&#8221;4.21.0&#8243; _module_preset=&#8221;default&#8221; global_colors_info=&#8221;{}&#8221;][et_pb_column type=&#8221;1_2&#8243; _builder_version=&#8221;4.21.0&#8243; _module_preset=&#8221;default&#8221; custom_css_main_element=&#8221;display: flex;||flex-direction: column;||justify-content: center;&#8221; global_colors_info=&#8221;{}&#8221;][et_pb_text admin_label=&#8221;Teksti &#8211; Ota yhteytt\u00e4&#8221; _builder_version=&#8221;4.23.4&#8243; _module_preset=&#8221;default&#8221; header_2_font=&#8221;Playfair Display||on||||||&#8221; header_2_text_color=&#8221;#384f63&#8243; header_2_font_size=&#8221;35px&#8221; header_3_font=&#8221;|700|||||||&#8221; header_3_font_size=&#8221;14px&#8221; custom_margin=&#8221;||14px|||&#8221; global_colors_info=&#8221;{}&#8221;]<\/p>\n<h2>Sales contact<\/h2>\n<p>[\/et_pb_text][\/et_pb_column][et_pb_column type=&#8221;1_2&#8243; _builder_version=&#8221;4.21.0&#8243; _module_preset=&#8221;default&#8221; global_colors_info=&#8221;{}&#8221;][et_pb_image src=&#8221;https:\/\/hasa.fi\/wp-content\/uploads\/2023\/06\/Hasa_ymparisto_metsa_ilmakuva_144_1280x1280.jpg&#8221; title_text=&#8221;Hasa_environment_forest_aerial picture&#8221; _builder_version=&#8221;4.21.0&#8243; _module_preset=&#8221;default&#8221; max_height=&#8221;400px&#8221; border_radii=&#8221;on|600px|600px|600px|600px&#8221; global_colors_info=&#8221;{}&#8221;][\/et_pb_image][\/et_pb_column][\/et_pb_row][\/et_pb_section][et_pb_section fb_built=&#8221;1&#8243; _builder_version=&#8221;4.21.0&#8243; _module_preset=&#8221;default&#8221; global_colors_info=&#8221;{}&#8221;][et_pb_row module_id=&#8221;myynti&#8221; _builder_version=&#8221;4.22.0&#8243; _module_preset=&#8221;default&#8221; custom_padding=&#8221;0px||4px|||&#8221; global_colors_info=&#8221;{}&#8221;][et_pb_column type=&#8221;4_4&#8243; _builder_version=&#8221;4.21.0&#8243; _module_preset=&#8221;default&#8221; global_colors_info=&#8221;{}&#8221;][et_pb_text admin_label=&#8221;Myynti&#8221; _builder_version=&#8221;4.23.4&#8243; _module_preset=&#8221;c54bef2c-9030-46bd-a539-943afe88a881&#8243; global_colors_info=&#8221;{}&#8221;]<\/p>\n<p>Sales<\/p>\n<p>[\/et_pb_text][et_pb_de_mach_archive_loop post_type_choose=&#8221;off|off|off|off|off|off|off|on|off&#8221; loop_layout=&#8221;785&#8243; posts_number=&#8221;100&#8243; include_cats=&#8221;myynti&#8221; onload_cats=&#8221;myynti&#8221; _builder_version=&#8221;4.23.4&#8243; _module_preset=&#8221;default&#8221; global_colors_info=&#8221;{}&#8221;][\/et_pb_de_mach_archive_loop][et_pb_divider color=&#8221;#000000&#8243; divider_weight=&#8221;1px&#8221; disabled_on=&#8221;on|on|on&#8221; _builder_version=&#8221;4.22.1&#8243; _module_preset=&#8221;default&#8221; custom_margin=&#8221;||8px|||&#8221; disabled=&#8221;on&#8221; global_colors_info=&#8221;{}&#8221;][\/et_pb_divider][\/et_pb_column][\/et_pb_row][\/et_pb_section]<\/p>\n","protected":false},"excerpt":{"rendered":"<p>A flexible and efficient production chain. The quality of the wood is maximized already at the procurement stage.<\/p>\n","protected":false},"author":1,"featured_media":2045,"parent":0,"menu_order":0,"comment_status":"closed","ping_status":"closed","template":"","meta":{"_acf_changed":false,"_et_pb_use_builder":"on","_et_pb_old_content":"","_et_gb_content_width":"","inline_featured_image":false,"footnotes":""},"class_list":["post-2103","page","type-page","status-publish","has-post-thumbnail","hentry"],"acf":[],"yoast_head":"<!-- This site is optimized with the Yoast SEO plugin v27.4 - https:\/\/yoast.com\/product\/yoast-seo-wordpress\/ -->\n<title>Contact Information - Haapaj\u00e4rven Ha-Sa Oy<\/title>\n<meta name=\"description\" content=\"HASA - CONTACT US Our forestry professionals are ready to help you with all your wood-trading needs. Contact us\" \/>\n<meta name=\"robots\" content=\"index, follow, max-snippet:-1, max-image-preview:large, max-video-preview:-1\" \/>\n<link rel=\"canonical\" href=\"https:\/\/hasa.fi\/en\/contact-information\/\" \/>\n<meta property=\"og:locale\" content=\"en_US\" \/>\n<meta property=\"og:type\" content=\"article\" \/>\n<meta property=\"og:title\" content=\"Contact Information - Haapaj\u00e4rven Ha-Sa Oy\" \/>\n<meta property=\"og:description\" content=\"HASA - CONTACT US Our forestry professionals are ready to help you with all your wood-trading needs. Contact us\" \/>\n<meta property=\"og:site_name\" content=\"Haapaj\u00e4rven Ha-Sa Oy\" \/>\n<meta property=\"article:modified_time\" content=\"2024-01-18T07:21:29+00:00\" \/>\n<meta property=\"og:image\" content=\"https:\/\/hasa.fi\/wp-content\/uploads\/2023\/07\/Yhteystiedot-hasa-ilmakuva-metsasta.jpg\" \/>\n\t<meta property=\"og:image:width\" content=\"2000\" \/>\n\t<meta property=\"og:image:height\" content=\"1333\" \/>\n\t<meta property=\"og:image:type\" content=\"image\/jpeg\" \/>\n<meta name=\"twitter:card\" content=\"summary_large_image\" \/>\n<meta name=\"twitter:label1\" content=\"Est. reading time\" \/>\n\t<meta name=\"twitter:data1\" content=\"1 minute\" \/>\n<script type=\"application\/ld+json\" class=\"yoast-schema-graph\">{\"@context\":\"https:\\\/\\\/schema.org\",\"@graph\":[{\"@type\":\"WebPage\",\"@id\":\"https:\\\/\\\/hasa.fi\\\/en\\\/contact-information\\\/\",\"url\":\"https:\\\/\\\/hasa.fi\\\/en\\\/contact-information\\\/\",\"name\":\"Contact Information - Haapaj\u00e4rven Ha-Sa Oy\",\"isPartOf\":{\"@id\":\"https:\\\/\\\/hasa.fi\\\/en\\\/#website\"},\"primaryImageOfPage\":{\"@id\":\"https:\\\/\\\/hasa.fi\\\/en\\\/contact-information\\\/#primaryimage\"},\"image\":{\"@id\":\"https:\\\/\\\/hasa.fi\\\/en\\\/contact-information\\\/#primaryimage\"},\"thumbnailUrl\":\"https:\\\/\\\/hasa.fi\\\/wp-content\\\/uploads\\\/2023\\\/07\\\/Yhteystiedot-hasa-ilmakuva-metsasta.jpg\",\"datePublished\":\"2023-05-18T14:45:58+00:00\",\"dateModified\":\"2024-01-18T07:21:29+00:00\",\"description\":\"HASA - CONTACT US Our forestry professionals are ready to help you with all your wood-trading needs. Contact us\",\"breadcrumb\":{\"@id\":\"https:\\\/\\\/hasa.fi\\\/en\\\/contact-information\\\/#breadcrumb\"},\"inLanguage\":\"en-US\",\"potentialAction\":[{\"@type\":\"ReadAction\",\"target\":[\"https:\\\/\\\/hasa.fi\\\/en\\\/contact-information\\\/\"]}]},{\"@type\":\"ImageObject\",\"inLanguage\":\"en-US\",\"@id\":\"https:\\\/\\\/hasa.fi\\\/en\\\/contact-information\\\/#primaryimage\",\"url\":\"https:\\\/\\\/hasa.fi\\\/wp-content\\\/uploads\\\/2023\\\/07\\\/Yhteystiedot-hasa-ilmakuva-metsasta.jpg\",\"contentUrl\":\"https:\\\/\\\/hasa.fi\\\/wp-content\\\/uploads\\\/2023\\\/07\\\/Yhteystiedot-hasa-ilmakuva-metsasta.jpg\",\"width\":2000,\"height\":1333},{\"@type\":\"BreadcrumbList\",\"@id\":\"https:\\\/\\\/hasa.fi\\\/en\\\/contact-information\\\/#breadcrumb\",\"itemListElement\":[{\"@type\":\"ListItem\",\"position\":1,\"name\":\"Etusivu\",\"item\":\"https:\\\/\\\/hasa.fi\\\/en\\\/\"},{\"@type\":\"ListItem\",\"position\":2,\"name\":\"Contact Information\"}]},{\"@type\":\"WebSite\",\"@id\":\"https:\\\/\\\/hasa.fi\\\/en\\\/#website\",\"url\":\"https:\\\/\\\/hasa.fi\\\/en\\\/\",\"name\":\"Haapaj\u00e4rven Ha-Sa Oy\",\"description\":\"HASA on nykyaikainen sahayhti\u00f6, jolla on tuotantolaitokset Haapaj\u00e4rvell\u00e4 ja Haapavedell\u00e4.\",\"potentialAction\":[{\"@type\":\"SearchAction\",\"target\":{\"@type\":\"EntryPoint\",\"urlTemplate\":\"https:\\\/\\\/hasa.fi\\\/en\\\/?s={search_term_string}\"},\"query-input\":{\"@type\":\"PropertyValueSpecification\",\"valueRequired\":true,\"valueName\":\"search_term_string\"}}],\"inLanguage\":\"en-US\"}]}<\/script>\n<!-- \/ Yoast SEO plugin. -->","yoast_head_json":{"title":"Contact Information - Haapaj\u00e4rven Ha-Sa Oy","description":"HASA - CONTACT US Our forestry professionals are ready to help you with all your wood-trading needs. Contact us","robots":{"index":"index","follow":"follow","max-snippet":"max-snippet:-1","max-image-preview":"max-image-preview:large","max-video-preview":"max-video-preview:-1"},"canonical":"https:\/\/hasa.fi\/en\/contact-information\/","og_locale":"en_US","og_type":"article","og_title":"Contact Information - Haapaj\u00e4rven Ha-Sa Oy","og_description":"HASA - CONTACT US Our forestry professionals are ready to help you with all your wood-trading needs. Contact us","og_site_name":"Haapaj\u00e4rven Ha-Sa Oy","article_modified_time":"2024-01-18T07:21:29+00:00","og_image":[{"width":2000,"height":1333,"url":"https:\/\/hasa.fi\/wp-content\/uploads\/2023\/07\/Yhteystiedot-hasa-ilmakuva-metsasta.jpg","type":"image\/jpeg"}],"twitter_card":"summary_large_image","twitter_misc":{"Est. reading time":"1 minute"},"schema":{"@context":"https:\/\/schema.org","@graph":[{"@type":"WebPage","@id":"https:\/\/hasa.fi\/en\/contact-information\/","url":"https:\/\/hasa.fi\/en\/contact-information\/","name":"Contact Information - Haapaj\u00e4rven Ha-Sa Oy","isPartOf":{"@id":"https:\/\/hasa.fi\/en\/#website"},"primaryImageOfPage":{"@id":"https:\/\/hasa.fi\/en\/contact-information\/#primaryimage"},"image":{"@id":"https:\/\/hasa.fi\/en\/contact-information\/#primaryimage"},"thumbnailUrl":"https:\/\/hasa.fi\/wp-content\/uploads\/2023\/07\/Yhteystiedot-hasa-ilmakuva-metsasta.jpg","datePublished":"2023-05-18T14:45:58+00:00","dateModified":"2024-01-18T07:21:29+00:00","description":"HASA - CONTACT US Our forestry professionals are ready to help you with all your wood-trading needs. Contact us","breadcrumb":{"@id":"https:\/\/hasa.fi\/en\/contact-information\/#breadcrumb"},"inLanguage":"en-US","potentialAction":[{"@type":"ReadAction","target":["https:\/\/hasa.fi\/en\/contact-information\/"]}]},{"@type":"ImageObject","inLanguage":"en-US","@id":"https:\/\/hasa.fi\/en\/contact-information\/#primaryimage","url":"https:\/\/hasa.fi\/wp-content\/uploads\/2023\/07\/Yhteystiedot-hasa-ilmakuva-metsasta.jpg","contentUrl":"https:\/\/hasa.fi\/wp-content\/uploads\/2023\/07\/Yhteystiedot-hasa-ilmakuva-metsasta.jpg","width":2000,"height":1333},{"@type":"BreadcrumbList","@id":"https:\/\/hasa.fi\/en\/contact-information\/#breadcrumb","itemListElement":[{"@type":"ListItem","position":1,"name":"Etusivu","item":"https:\/\/hasa.fi\/en\/"},{"@type":"ListItem","position":2,"name":"Contact Information"}]},{"@type":"WebSite","@id":"https:\/\/hasa.fi\/en\/#website","url":"https:\/\/hasa.fi\/en\/","name":"Haapaj\u00e4rven Ha-Sa Oy","description":"HASA on nykyaikainen sahayhti\u00f6, jolla on tuotantolaitokset Haapaj\u00e4rvell\u00e4 ja Haapavedell\u00e4.","potentialAction":[{"@type":"SearchAction","target":{"@type":"EntryPoint","urlTemplate":"https:\/\/hasa.fi\/en\/?s={search_term_string}"},"query-input":{"@type":"PropertyValueSpecification","valueRequired":true,"valueName":"search_term_string"}}],"inLanguage":"en-US"}]}},"_links":{"self":[{"href":"https:\/\/hasa.fi\/en\/wp-json\/wp\/v2\/pages\/2103","targetHints":{"allow":["GET"]}}],"collection":[{"href":"https:\/\/hasa.fi\/en\/wp-json\/wp\/v2\/pages"}],"about":[{"href":"https:\/\/hasa.fi\/en\/wp-json\/wp\/v2\/types\/page"}],"author":[{"embeddable":true,"href":"https:\/\/hasa.fi\/en\/wp-json\/wp\/v2\/users\/1"}],"replies":[{"embeddable":true,"href":"https:\/\/hasa.fi\/en\/wp-json\/wp\/v2\/comments?post=2103"}],"version-history":[{"count":13,"href":"https:\/\/hasa.fi\/en\/wp-json\/wp\/v2\/pages\/2103\/revisions"}],"predecessor-version":[{"id":2233,"href":"https:\/\/hasa.fi\/en\/wp-json\/wp\/v2\/pages\/2103\/revisions\/2233"}],"wp:featuredmedia":[{"embeddable":true,"href":"https:\/\/hasa.fi\/en\/wp-json\/wp\/v2\/media\/2045"}],"wp:attachment":[{"href":"https:\/\/hasa.fi\/en\/wp-json\/wp\/v2\/media?parent=2103"}],"curies":[{"name":"wp","href":"https:\/\/api.w.org\/{rel}","templated":true}]}}